{"id":2,"date":"2022-12-17T09:59:47","date_gmt":"2022-12-17T09:59:47","guid":{"rendered":"https:\/\/czandor.hu\/projects\/?page_id=2"},"modified":"2025-09-01T10:59:50","modified_gmt":"2025-09-01T10:59:50","slug":"home","status":"publish","type":"page","link":"https:\/\/czandor.hu\/projects\/","title":{"rendered":"Projects"},"content":{"rendered":"\n<p><a href=\"https:\/\/czandor.hu\/f1\/\" data-type=\"link\" data-id=\"https:\/\/czandor.hu\/f1\/\">F1 Calendar Link Generator<\/a><\/p>\n\n\n\n<p><a href=\"https:\/\/czandor.hu\/neptun\">Neptun \u00d3rarend Sz\u0171r\u0151<\/a><\/p>\n\n\n\n<p><\/p>\n\n\n\n<h3 class=\"wp-block-heading\">Fitbit &#8211; Ionic\/Versa\/Versa2\/Versa3\/Versa4\/Sense\/Sense2<\/h3>\n\n\n\n<p><strong>Clockfaces<\/strong><br><a href=\"https:\/\/czandor.hu\/projects\/picsandemojifree\/\" data-type=\"page\" data-id=\"34\">Pics &amp; Emoji<\/a><br><a rel=\"noreferrer noopener\" href=\"https:\/\/gallery.fitbit.com\/details\/1fe6b96a-c02a-4255-affa-0fbffb26969f\" target=\"_blank\">My Photo Album<\/a><br><a rel=\"noreferrer noopener\" href=\"https:\/\/gallery.fitbit.com\/details\/9d95a897-b835-49d4-8bc2-6012a20eb898\" target=\"_blank\">Taptic Time<\/a><br><a rel=\"noreferrer noopener\" href=\"https:\/\/github.com\/czandor\/Taptic-Time-Clockface-Fitbit\" target=\"_blank\"><em>&#8211; Source code for Taptic Time<\/em><\/a><br><a rel=\"noreferrer noopener\" href=\"https:\/\/gallery.fitbit.com\/details\/72b935de-59a7-4355-9395-11ad1e42d1e4\" target=\"_blank\">Mosaic<\/a><br><a rel=\"noreferrer noopener\" href=\"https:\/\/github.com\/czandor\/Mosaic-Clockface-Fitbit\" target=\"_blank\"><em>&#8211; Source code Mosaic<\/em><\/a><br><a rel=\"noreferrer noopener\" href=\"https:\/\/gallery.fitbit.com\/details\/2a7685b1-bfef-4ef0-a5fb-3038a672eac5\" target=\"_blank\">Kiddo<\/a><br><a rel=\"noreferrer noopener\" href=\"https:\/\/github.com\/czandor\/Kiddo-Clockface-Fitbit\" target=\"_blank\"><em>&#8211; Source code for Kiddo<\/em><\/a><br><a rel=\"noreferrer noopener\" href=\"https:\/\/gallery.fitbit.com\/details\/b36d8ea6-c803-45fe-ad34-91dbe8d08e89\" target=\"_blank\">Programmer&#8217;s Watch<\/a><br><a rel=\"noreferrer noopener\" href=\"https:\/\/github.com\/czandor\/programmersWatchFitbit\" target=\"_blank\"><em>&#8211; Source code for Programmer&#8217;s Watch<\/em><\/a><br><a rel=\"noreferrer noopener\" href=\"https:\/\/gallery.fitbit.com\/details\/4a17ed96-79c1-40f5-84f4-4774ef772e35\" target=\"_blank\">Identity V<\/a><br><a rel=\"noreferrer noopener\" href=\"https:\/\/gallery.fitbit.com\/details\/7ea82e3a-703e-42c3-9d8b-5c5595d10bc6\" target=\"_blank\">Among Us<\/a><br><a rel=\"noreferrer noopener\" href=\"https:\/\/gallery.fitbit.com\/details\/a3fac106-8e57-428c-bc5b-faaf93a188a0\" target=\"_blank\">Blokk<\/a><br><a rel=\"noreferrer noopener\" href=\"https:\/\/gallery.fitbit.com\/search?terms=ninephoto&amp;type=CLOCKS\" target=\"_blank\">NinePhoto series<\/a><br><strong>Apps<\/strong><br><a href=\"https:\/\/czandor.hu\/sysinfo\/?web\">Sys-Info App (How it works, app link, source code)<\/a><br><a rel=\"noreferrer noopener\" href=\"https:\/\/gallery.fitbit.com\/details\/3cebd638-559e-4d35-9ff2-9e1b137c18a4\" target=\"_blank\">Color Flash App<\/a><\/p>\n\n\n\n<h3 class=\"wp-block-heading\">WearOS &#8211; Watch Faces<\/h3>\n\n\n\n<p><a target=\"_blank\" href=\"https:\/\/play.google.com\/store\/apps\/details?id=hu.czandor.clockface.blokk\" rel=\"noreferrer noopener\">Blokk<\/a><br><a target=\"_blank\" href=\"https:\/\/play.google.com\/store\/apps\/details?id=hu.czandor.clockface.kiddo\" rel=\"noreferrer noopener\">Kiddo<\/a><\/p>\n\n\n\n<h3 class=\"wp-block-heading\">Pebble<\/h3>\n\n\n\n<p><a href=\"https:\/\/czandor.hu\/pebble\/ninetime\">NineTime watchface for Pebble<\/a><br><a href=\"https:\/\/czandor.hu\/pebble\/rebble\">Rebble: Pebble alternate App Store helper<\/a><\/p>\n\n\n\n<h3 class=\"wp-block-heading\">Android &#8211; Notifications<\/h3>\n\n\n\n<p><a target=\"_blank\" href=\"https:\/\/play.google.com\/store\/apps\/details?id=hu.czandor.truecall\" rel=\"noreferrer noopener\">Call Notification for Fitbit, Garmin and Pebble<\/a><br><a target=\"_blank\" href=\"https:\/\/play.google.com\/store\/apps\/details?id=hu.czandor.missingnotifications\" rel=\"noreferrer noopener\">Missing Notifications Revealer<\/a><br><a target=\"_blank\" href=\"https:\/\/play.google.com\/store\/apps\/details?id=hu.czandor.notificationdecoder\" rel=\"noreferrer noopener\">Emoji fix for Huawei Band, Honor Band and MI Band<\/a><br><a target=\"_blank\" href=\"https:\/\/play.google.com\/store\/apps\/details?id=hu.czandor.advancednotification\" rel=\"noreferrer noopener\">Advanced Notification for Garmin, Fitbit and Other (beta)<\/a><\/p>\n\n\n\n<h3 class=\"wp-block-heading\">Android &#8211; Others<\/h3>\n\n\n\n<p><a rel=\"noreferrer noopener\" href=\"https:\/\/play.google.com\/store\/apps\/details?id=hu.czandor.homelongpress\" target=\"_blank\">Custom Assist Action (Home Button Long Press)<\/a><br><a href=\"https:\/\/czandor.hu\/boinc\">Apps for FireTV and for GoogleTV<\/a><\/p>\n\n\n\n<h2 class=\"wp-block-heading\">Ad<\/h2>\n\n\n\n<p><a target=\"_blank\" href=\"https:\/\/zintime.hu\/\" rel=\"noreferrer noopener\">ZIN time &#8211; Intu\u00edci\u00f3-fejleszt\u00e9s, szeml\u00e9letform\u00e1l\u00e1s<\/a><\/p>\n\n\n\n<p><a href=\"https:\/\/czandor.hu\/projects.old\/about.php\"><a href=\"https:\/\/czandor.hu\/projects.old\/about.php\">About<\/a><\/a><\/p>\n\n\n\n<p><a href=\"https:\/\/czandor.hu\/projects.old\/purpose.php\" data-type=\"link\" data-id=\"https:\/\/czandor.hu\/projects.old\/purpose.php\">Purpose<\/a><\/p>\n\n\n\n<p><\/p>\n","protected":false},"excerpt":{"rendered":"<p>F1 Calendar Link Generator Neptun \u00d3rarend Sz\u0171r\u0151 Fitbit &#8211; Ionic\/Versa\/Versa2\/Versa3\/Versa4\/Sense\/Sense2 ClockfacesPics &amp; EmojiMy Photo AlbumTaptic Time&#8211; Source code for Taptic TimeMosaic&#8211; Source code MosaicKiddo&#8211; Source code for KiddoProgrammer&#8217;s Watch&#8211; Source code for Programmer&#8217;s WatchIdentity VAmong UsBlokkNinePhoto seriesAppsSys-Info App (How it works, app link, source code)Color Flash App WearOS &#8211; Watch Faces BlokkKiddo Pebble NineTime watchface<\/p>\n","protected":false},"author":1,"featured_media":0,"parent":0,"menu_order":0,"comment_status":"closed","ping_status":"open","template":"","meta":{"footnotes":""},"class_list":["post-2","page","type-page","status-publish","hentry"],"_links":{"self":[{"href":"https:\/\/czandor.hu\/projects\/wp-json\/wp\/v2\/pages\/2","targetHints":{"allow":["GET"]}}],"collection":[{"href":"https:\/\/czandor.hu\/projects\/wp-json\/wp\/v2\/pages"}],"about":[{"href":"https:\/\/czandor.hu\/projects\/wp-json\/wp\/v2\/types\/page"}],"author":[{"embeddable":true,"href":"https:\/\/czandor.hu\/projects\/wp-json\/wp\/v2\/users\/1"}],"replies":[{"embeddable":true,"href":"https:\/\/czandor.hu\/projects\/wp-json\/wp\/v2\/comments?post=2"}],"version-history":[{"count":10,"href":"https:\/\/czandor.hu\/projects\/wp-json\/wp\/v2\/pages\/2\/revisions"}],"predecessor-version":[{"id":79,"href":"https:\/\/czandor.hu\/projects\/wp-json\/wp\/v2\/pages\/2\/revisions\/79"}],"wp:attachment":[{"href":"https:\/\/czandor.hu\/projects\/wp-json\/wp\/v2\/media?parent=2"}],"curies":[{"name":"wp","href":"https:\/\/api.w.org\/{rel}","templated":true}]}}